{"id":1336,"date":"2024-03-15T16:13:30","date_gmt":"2024-03-15T06:13:30","guid":{"rendered":"https:\/\/mstglobal.com\/tecnologia\/soluciones-informaticas\/"},"modified":"2025-04-01T12:43:45","modified_gmt":"2025-04-01T02:43:45","slug":"soluciones-informaticas","status":"publish","type":"page","link":"https:\/\/mstglobal.com\/es\/tecnologia\/soluciones-informaticas\/","title":{"rendered":"Soluciones inform\u00e1ticas"},"content":{"rendered":"\n<div class=\"wp-block-group content-fullwidth\"><div class=\"wp-block-group__inner-container is-layout-constrained wp-block-group-is-layout-constrained\"><div class=\"wp-bootstrap-blocks-container container mb-2\">\n\t\n<div class=\"wp-bootstrap-blocks-row row\">\n\t\n\n<div class=\"col-12 col-lg-8\">\n\t\t\t\n\n<p class=\"lead\">En 2010 lanzamos nuestro software de Visualizaci\u00f3n y Seguimiento en 2D, ICA y Minedash. Esta oferta no solo permiti\u00f3 formar su experiencia subterr\u00e1nea, sino que fortaleci\u00f3 las mejoras en seguridad y productividad en todas sus operaciones. <\/p>\n\n\n\n<p class=\"lead\">Nuestro motor de seguimiento de software ha avanzado enormemente en los \u00faltimos 10 a\u00f1os y, con eso, nace nuestra plataforma de software de nueva generaci\u00f3n: HELIX.<\/p>\n\n\n\n<figure class=\"wp-block-image size-large mtop\"><img loading=\"lazy\" decoding=\"async\" width=\"1024\" height=\"683\" src=\"https:\/\/mstglobal.com\/wp-content\/uploads\/\/HELIX-website-HERO-image-1024x683.png\" alt=\"HELIX Mining Software\" class=\"wp-image-1972\" srcset=\"https:\/\/mstglobal.com\/wp-content\/uploads\/HELIX-website-HERO-image-1024x683.png 1024w, https:\/\/mstglobal.com\/wp-content\/uploads\/HELIX-website-HERO-image-1500x1000.png 1500w, https:\/\/mstglobal.com\/wp-content\/uploads\/HELIX-website-HERO-image-800x533.png 800w, https:\/\/mstglobal.com\/wp-content\/uploads\/HELIX-website-HERO-image-768x512.png 768w, https:\/\/mstglobal.com\/wp-content\/uploads\/HELIX-website-HERO-image-1536x1024.png 1536w, https:\/\/mstglobal.com\/wp-content\/uploads\/HELIX-website-HERO-image-2048x1365.png 2048w\" sizes=\"auto, (max-width: 1024px) 100vw, 1024px\" \/><\/figure>\n\n\t<\/div>\n\n\n\n<div class=\"col-12 col-lg-4 col-xxl-3 offset-xxl-1\">\n\t\t\t\n\n    <ul class=\"sidebar-page-nav\">\n                                <li>\n                <a href=\"#visualisation-tracking\" target=\"_self\">\n                    Visualizaci\u00f3n y Seguimiento Avanzados                <\/a>\n            <\/li>\n                                <li>\n                <a href=\"#control-monitoring\" target=\"_self\">\n                    Control  Monitoreo                <\/a>\n            <\/li>\n                                <li>\n                <a href=\"#personnel-tracking\" target=\"_self\">\n                    Gesti\u00f3n de Seguimiento y Personal                <\/a>\n            <\/li>\n                                <li>\n                <a href=\"#workflow-fleet\" target=\"_self\">\n                    Flujo de trabajo y gesti\u00f3n de flotas [FARA]                <\/a>\n            <\/li>\n            <\/ul>\n\n\n\n<div class=\"resource-download\">\n    <a href=\"https:\/\/mstglobal.com\/wp-content\/uploads\/Helix-Brochure-18092024-Spanish-V1-LOW-RES-1.pdf\" target=\"_blank\">\n        <h4>HELIX Folletos<\/h4>\n        <img decoding=\"async\" src=\"https:\/\/mstglobal.com\/wp-content\/uploads\/HELIX-Brochure-Spanish-Front-150x150.png\" alt=\"\" \/>\n    <\/a>\n<\/div>\n\t<\/div>\n\n<\/div>\n\n\n<div class=\"wp-bootstrap-blocks-row row\">\n\t\n\n<div class=\"col-12\">\n\t\t\t\n\n<p>La plataforma HELIX tiene todos los lujos de una interfaz y plataforma moderna, mientras construye su ecosistema digital. Esto significa que reunimos todos sus datos de software, hardware e integraciones de terceros en una plataforma, lo que facilita la administraci\u00f3n y puesta en servicio. <\/p>\n\n\n\n<p>Adem\u00e1s de HELIX, ofrecemos una aplicaci\u00f3n m\u00f3vil avanzada que proporciona gesti\u00f3n del flujo de trabajo y de la flota para las minas que inician su viaje de digitalizaci\u00f3n hacia un verdadero FMS.<\/p>\n\n\n\n<p>FARA es una soluci\u00f3n aut\u00f3noma de Plataforma como Servicio (PaaS) disponible para dispositivos compatibles con Apple, lo que hace que su instalaci\u00f3n y ampliaci\u00f3n sean sencillas y rentables. Es tu primer paso para mejorar la eficacia y la productividad en la superficie y bajo tierra. <\/p>\n\n\t<\/div>\n\n<\/div>\n\n<\/div>\n<\/div><\/div>\n\n<div id=\"visualisation-tracking\" class=\"wp-block-group content-fullwidth shade\"><div class=\"wp-block-group__inner-container is-layout-constrained wp-block-group-is-layout-constrained\"><div class=\"wp-bootstrap-blocks-container container mb-2\">\n\t\n<div class=\"wp-bootstrap-blocks-row row\">\n\t\n\n<div class=\"col-12 col-xl-8 offset-xl-2\">\n\t\t\t\n\n<h2 class=\"wp-block-heading\">Visualizaci\u00f3n y Seguimiento Avanzados<\/h2>\n\n\n\n<p>HELIX 3DConnect es sus ojos y o\u00eddos bajo tierra. Le proporcionamos una descripci\u00f3n general total de sus operaciones en varios sitios, lo que incluye la integraci\u00f3n de sus mapas de superficie. Puede ver estos mapas en 3D y en 2D, seg\u00fan la vista que le proporcione el mayor valor a su tarea.  <\/p>\n\n\n\n<ul class=\"wp-block-list mbot mb-4 mb-md-5\">\n<li>Ver la ubicaci\u00f3n de su personal, activos fijos y m\u00f3viles, y dispositivos de tecnolog\u00eda bajo tierra<\/li>\n\n\n\n<li>Seguimiento de opciones de visualizaci\u00f3n a escala con mayor nivel de detalle o cobertura<\/li>\n\n\n\n<li>Integre sus sensores existentes de terceros para automatizar y controlar<\/li>\n<\/ul>\n\n\n\n<ul class=\"wp-block-list block-list mb-0\">\n<li>Administraci\u00f3n del personal<\/li>\n\n\n\n<li>Salud y bienestar<\/li>\n<\/ul>\n\n\t<\/div>\n\n<\/div>\n\n<\/div>\n<\/div><\/div>\n\n<div class=\"\">\n    <div class=\"container-fluid\">\n        <div class=\"row dual-image-banner shade\">\n            <div class=\"col-8 image-col-1\" style=\"background-image: url(https:\/\/mstglobal.com\/wp-content\/uploads\/LAUNCH-3DConnect.png);\"><\/div>\n            <div class=\"col-4 image-col-2\" style=\"background-image: url(https:\/\/mstglobal.com\/wp-content\/uploads\/GettyImages-1088987776-1024x576.jpg);\"><\/div>\n        <\/div>\n    <\/div>\n<\/div>\n<div id=\"control-monitoring\" class=\"wp-block-group content-fullwidth\"><div class=\"wp-block-group__inner-container is-layout-constrained wp-block-group-is-layout-constrained\"><div class=\"wp-bootstrap-blocks-container container mb-2\">\n\t\n<div class=\"wp-bootstrap-blocks-row row\">\n\t\n\n<div class=\"col-12 col-xl-8 offset-xl-2\">\n\t\t\t\n\n<h2 class=\"wp-block-heading\">Control  Monitoreo<\/h2>\n\n\n\n<p>HELIX Automation configura procesos de automatizaci\u00f3n subterr\u00e1neos, localizados y distribuidos, y monitorea sensores para desencadenar eventos seg\u00fan sea necesario. Eventos como: ventilaci\u00f3n bajo demanda a trav\u00e9s de movimientos de seguimiento, encender y apagar bombas de agua que desencadenan una serie de eventos en el tanque de agua y garantiza que haya capacidad antes de extraer agua, y mejor gesti\u00f3n de tr\u00e1fico subterr\u00e1neo. <\/p>\n\n\n\n<ul class=\"wp-block-list mbot mb-4 mb-md-5\">\n<li>Use configuraciones predefinidas de reglas de automatizaci\u00f3n y sensores que m\u00e1s le acomoden<\/li>\n\n\n\n<li>Adapte o personalice sus reglas de automatizaci\u00f3n y sensores para que sean exclusivas para sus necesidades mineras<\/li>\n\n\n\n<li>Integre sus sensores existentes de terceros para automatizar y controlar<\/li>\n<\/ul>\n\n\n\n<ul class=\"wp-block-list block-list mb-0\">\n<li>Productividad y mejoras de recursos<\/li>\n\n\n\n<li>Integraci\u00f3n de sensores de terceros<\/li>\n<\/ul>\n\n\t<\/div>\n\n<\/div>\n\n<\/div>\n<\/div><\/div>\n\n<div class=\"\">\n    <div class=\"container-fluid\">\n        <div class=\"row dual-image-banner\">\n            <div class=\"col-8 image-col-1\" style=\"background-image: url(https:\/\/mstglobal.com\/wp-content\/uploads\/LAUNCH-Automation.png);\"><\/div>\n            <div class=\"col-4 image-col-2\" style=\"background-image: url(https:\/\/mstglobal.com\/wp-content\/uploads\/AdobeStock_221233753-1024x576.jpg);\"><\/div>\n        <\/div>\n    <\/div>\n<\/div>\n<div class=\"wp-block-group cta-block\"><div class=\"wp-block-group__inner-container is-layout-constrained wp-block-group-is-layout-constrained\"><div class=\"wp-bootstrap-blocks-container container mb-2\">\n\t\n<div class=\"wp-bootstrap-blocks-row row\">\n\t\n\n<div class=\"col-12\">\n\t\t\t\n\n<h2 class=\"wp-block-heading\">\u00bfNecesitas m\u00e1s informaci\u00f3n?<\/h2>\n\n\n\n<p>Ponte en contacto con uno de nuestros proveedores de soluciones de software para que te ayude.<\/p>\n\n\n<div class=\"wp-bootstrap-blocks-button\">\n\t<a\n\t\thref=\"https:\/\/mstglobal.com\/contact\/\"\n\t\t\t\t\t\tclass=\"btn btn-lg btn-secondary-rev\"\n\t>\n\t\tPonte en contacto\t<\/a>\n<\/div>\n\n\t<\/div>\n\n<\/div>\n\n<\/div>\n<\/div><\/div>\n\n<div id=\"personnel-tracking\" class=\"wp-block-group content-fullwidth shade\"><div class=\"wp-block-group__inner-container is-layout-constrained wp-block-group-is-layout-constrained\"><div class=\"wp-bootstrap-blocks-container container mb-2\">\n\t\n<div class=\"wp-bootstrap-blocks-row row\">\n\t\n\n<div class=\"col-12 col-xl-8 offset-xl-2\">\n\t\t\t\n\n<h2 class=\"wp-block-heading\">Gesti\u00f3n de Seguimiento y Personal<\/h2>\n\n\n\n<p>HELIX Sentinel es la primera herramienta de gesti\u00f3n de seguimiento y personal de la industria. Sentinel registra electr\u00f3nicamente a su personal en la mina subterr\u00e1nea y administra su ubicaci\u00f3n durante las operaciones. Sentinel tambi\u00e9n administra la salud y bienestar del personal mediante la definici\u00f3n previa de cu\u00e1nto tiempo ha estado alguna persona en cierta \u00e1rea o zona.  <\/p>\n\n\n\n<ul class=\"wp-block-list mbot mb-4 mb-md-5\">\n<li>Permite administrar a su personal seg\u00fan la cantidad de personas que hay en un \u00e1rea a la vez<\/li>\n\n\n\n<li>Seguimiento de personal con informaci\u00f3n de perfil completo que se proporciona al momento de seleccionar<\/li>\n\n\n\n<li>Elimina los errores humanos mediante la digitalizaci\u00f3n de este proceso<\/li>\n<\/ul>\n\n\n\n<ul class=\"wp-block-list block-list mb-0\">\n<li>Administraci\u00f3n del personal<\/li>\n\n\n\n<li>Salud y bienestar<\/li>\n<\/ul>\n\n\t<\/div>\n\n<\/div>\n\n<\/div>\n<\/div><\/div>\n\n<div class=\"\">\n    <div class=\"container-fluid\">\n        <div class=\"row dual-image-banner shade\">\n            <div class=\"col-8 image-col-1\" style=\"background-image: url(https:\/\/mstglobal.com\/wp-content\/uploads\/Sentinel.png);\"><\/div>\n            <div class=\"col-4 image-col-2\" style=\"background-image: url(https:\/\/mstglobal.com\/wp-content\/uploads\/AdobeStock_180819212-1024x683-1.jpg);\"><\/div>\n        <\/div>\n    <\/div>\n<\/div>\n<div id=\"workflow-fleet\" class=\"wp-block-group content-fullwidth\"><div class=\"wp-block-group__inner-container is-layout-constrained wp-block-group-is-layout-constrained\"><div class=\"wp-bootstrap-blocks-container container mb-2\">\n\t\n<div class=\"wp-bootstrap-blocks-row row\">\n\t\n\n<div class=\"col-12 col-lg-9 col-xl-8 order-2 order-lg-1 offset-xl-1\">\n\t\t\t\n<div class=\"wp-bootstrap-blocks-row row d-lg-none\">\n\t\n\n<div class=\"col-4\">\n\t\t\t\n\n<figure class=\"wp-block-image size-full mb-0\"><img loading=\"lazy\" decoding=\"async\" width=\"442\" height=\"126\" src=\"https:\/\/mstglobal.com\/wp-content\/uploads\/fara-logo.png\" alt=\"FARA Logo\" class=\"wp-image-2152\"\/><\/figure>\n\n\t<\/div>\n\n<\/div>\n\n\n\n<h2 class=\"wp-block-heading\">Flujo de trabajo y gesti\u00f3n de flotas<\/h2>\n\n\n\n<p>Con una aplicaci\u00f3n m\u00f3vil avanzada y hardware est\u00e1ndar, FARA digitaliza todos los formularios en papel, realiza un seguimiento del personal, los activos y los veh\u00edculos, y captura grandes cantidades de datos con el fin de optimizar el flujo de trabajo operativo y reducir los costes de explotaci\u00f3n. Totalmente funcional en la superficie y bajo tierra. <\/p>\n\n\n\n<ul class=\"wp-block-list mbot mb-4 mb-md-5\">\n<li>Elimina los formularios en papel, aumenta la utilizaci\u00f3n de la flota, reduce el tiempo de implantaci\u00f3n y formaci\u00f3n<\/li>\n\n\n\n<li>Funciona en l\u00ednea y fuera de l\u00ednea con captura autom\u00e1tica del tiempo de ciclo<\/li>\n\n\n\n<li>Proporciona la visibilidad digital que necesitas para empezar a realizar mejoras sencillas de la productividad<\/li>\n<\/ul>\n\n\n\n<ul class=\"wp-block-list block-list mb-5\">\n<li>Digitalizaci\u00f3n del lugar de trabajo<\/li>\n\n\n\n<li>Inteligencia empresarial<\/li>\n\n\n\n<li>L\u00f3gica empresarial<\/li>\n\n\n\n<li>Gamificaci\u00f3n<\/li>\n<\/ul>\n\n\n<div class=\"wp-bootstrap-blocks-row row\">\n\t\n\n<div class=\"col-12\">\n\t\t\t\n\n<h4 class=\"wp-block-heading mb-3\">Eficiencia y productividad simplificadas con FARA<\/h4>\n\n\t<\/div>\n\n\n\n<div class=\"col-12 col-sm-6\">\n\t\t\t\n\n<div class=\"resource-download\">\n    <a href=\"https:\/\/mstglobal.com\/wp-content\/uploads\/MST-Global-FARA-workflow-and-fleet-management-solution-20220617.pdf\" target=\"_blank\">\n        <h4>Soluci\u00f3n FARA de flujo de trabajo y gesti\u00f3n de flotas<\/h4>\n        <img decoding=\"async\" src=\"https:\/\/mstglobal.com\/wp-content\/uploads\/FARA-Brochure-MINExpo-2021-150x150.png\" alt=\"FARA Brochure\" \/>\n    <\/a>\n<\/div>\n\t<\/div>\n\n\n\n<div class=\"col-12 col-sm-6\">\n\t\t\t\t<\/div>\n\n<\/div>\n\n\t<\/div>\n\n\n\n<div class=\"col-12 col-lg-3 col-xl-2 order-1 order-lg-2 \">\n\t\t\t\n\n<figure class=\"wp-block-image size-full border-grey d-none d-lg-block\"><img loading=\"lazy\" decoding=\"async\" width=\"600\" height=\"600\" src=\"https:\/\/mstglobal.com\/wp-content\/uploads\/fara-logo-square.png\" alt=\"FARA Logo\" class=\"wp-image-2145\" srcset=\"https:\/\/mstglobal.com\/wp-content\/uploads\/fara-logo-square.png 600w, https:\/\/mstglobal.com\/wp-content\/uploads\/fara-logo-square-150x150.png 150w\" sizes=\"auto, (max-width: 600px) 100vw, 600px\" \/><\/figure>\n\n\t<\/div>\n\n<\/div>\n\n<\/div>\n<\/div><\/div>\n\n<div class=\"\">\n    <div class=\"container-fluid\">\n        <div class=\"row dual-image-banner\">\n            <div class=\"col-8 image-col-1\" style=\"background-image: url(https:\/\/mstglobal.com\/wp-content\/uploads\/iStock-138064494-scaled.jpg);\"><\/div>\n            <div class=\"col-4 image-col-2\" style=\"background-image: url(https:\/\/mstglobal.com\/wp-content\/uploads\/AdobeStock_210923686-1024x439.jpg);\"><\/div>\n        <\/div>\n    <\/div>\n<\/div>\n<div class=\"wp-block-group cta-block hero\"><div class=\"wp-block-group__inner-container is-layout-constrained wp-block-group-is-layout-constrained\"><div class=\"wp-bootstrap-blocks-container container mb-2\">\n\t\n<div class=\"wp-bootstrap-blocks-row row\">\n\t\n\n<div class=\"col-12\">\n\t\t\t\n\n<h2 class=\"wp-block-heading\">Las operaciones complejas se combinan con soluciones efectivas y preparadas para el futuro.<\/h2>\n\n\n\n<h3 class=\"wp-block-heading has-white-color has-text-color has-link-color wp-elements-e740e555c0bc5eeedbb0fc3a4dc63e73\">\u00bfNecesitas m\u00e1s informaci\u00f3n? Cont\u00e1ctanos para m\u00e1s informaci\u00f3n.  <\/h3>\n\n\n\n<p><\/p>\n\n\n<div class=\"wp-bootstrap-blocks-button\">\n\t<a\n\t\thref=\"https:\/\/mstglobal.com\/es\/contacto\/\"\n\t\t\t\t\t\tclass=\"btn btn-lg btn-secondary-rev\"\n\t>\n\t\tInf\u00f3rmate hoy\t<\/a>\n<\/div>\n\n\t<\/div>\n\n<\/div>\n\n<\/div>\n<\/div><\/div>\n","protected":false},"excerpt":{"rendered":"","protected":false},"author":1,"featured_media":1987,"parent":1264,"menu_order":0,"comment_status":"closed","ping_status":"closed","template":"page-templates\/fullwidthpage-2col.php","meta":{"_acf_changed":false,"content-type":"","footnotes":""},"class_list":["post-1336","page","type-page","status-publish","has-post-thumbnail","hentry"],"acf":[],"yoast_head":"<!-- This site is optimized with the Yoast SEO plugin v27.5 - https:\/\/yoast.com\/product\/yoast-seo-wordpress\/ -->\n<title>Soluciones inform\u00e1ticas - MST Global<\/title>\n<meta name=\"robots\" content=\"index, follow, max-snippet:-1, max-image-preview:large, max-video-preview:-1\" \/>\n<link rel=\"canonical\" href=\"https:\/\/mstglobal.com\/es\/tecnologia\/soluciones-informaticas\/\" \/>\n<meta property=\"og:locale\" content=\"es_ES\" \/>\n<meta property=\"og:type\" content=\"article\" \/>\n<meta property=\"og:title\" content=\"Soluciones inform\u00e1ticas - MST Global\" \/>\n<meta property=\"og:url\" content=\"https:\/\/mstglobal.com\/es\/tecnologia\/soluciones-informaticas\/\" \/>\n<meta property=\"og:site_name\" content=\"MST Global\" \/>\n<meta property=\"article:modified_time\" content=\"2025-04-01T02:43:45+00:00\" \/>\n<meta property=\"og:image\" content=\"https:\/\/mstglobal.com\/wp-content\/uploads\/banner-software-solutions.jpg\" \/>\n\t<meta property=\"og:image:width\" content=\"1800\" \/>\n\t<meta property=\"og:image:height\" content=\"400\" \/>\n\t<meta property=\"og:image:type\" content=\"image\/jpeg\" \/>\n<meta name=\"twitter:card\" content=\"summary_large_image\" \/>\n<meta name=\"twitter:label1\" content=\"Tiempo de lectura\" \/>\n\t<meta name=\"twitter:data1\" content=\"4 minutos\" \/>\n<script type=\"application\/ld+json\" class=\"yoast-schema-graph\">{\"@context\":\"https:\\\/\\\/schema.org\",\"@graph\":[{\"@type\":\"WebPage\",\"@id\":\"https:\\\/\\\/mstglobal.com\\\/es\\\/tecnologia\\\/soluciones-informaticas\\\/\",\"url\":\"https:\\\/\\\/mstglobal.com\\\/es\\\/tecnologia\\\/soluciones-informaticas\\\/\",\"name\":\"Soluciones inform\u00e1ticas - MST Global\",\"isPartOf\":{\"@id\":\"https:\\\/\\\/mstglobal.com\\\/es\\\/#website\"},\"primaryImageOfPage\":{\"@id\":\"https:\\\/\\\/mstglobal.com\\\/es\\\/tecnologia\\\/soluciones-informaticas\\\/#primaryimage\"},\"image\":{\"@id\":\"https:\\\/\\\/mstglobal.com\\\/es\\\/tecnologia\\\/soluciones-informaticas\\\/#primaryimage\"},\"thumbnailUrl\":\"https:\\\/\\\/mstglobal.com\\\/wp-content\\\/uploads\\\/banner-software-solutions.jpg\",\"datePublished\":\"2024-03-15T06:13:30+00:00\",\"dateModified\":\"2025-04-01T02:43:45+00:00\",\"breadcrumb\":{\"@id\":\"https:\\\/\\\/mstglobal.com\\\/es\\\/tecnologia\\\/soluciones-informaticas\\\/#breadcrumb\"},\"inLanguage\":\"es\",\"potentialAction\":[{\"@type\":\"ReadAction\",\"target\":[\"https:\\\/\\\/mstglobal.com\\\/es\\\/tecnologia\\\/soluciones-informaticas\\\/\"]}]},{\"@type\":\"ImageObject\",\"inLanguage\":\"es\",\"@id\":\"https:\\\/\\\/mstglobal.com\\\/es\\\/tecnologia\\\/soluciones-informaticas\\\/#primaryimage\",\"url\":\"https:\\\/\\\/mstglobal.com\\\/wp-content\\\/uploads\\\/banner-software-solutions.jpg\",\"contentUrl\":\"https:\\\/\\\/mstglobal.com\\\/wp-content\\\/uploads\\\/banner-software-solutions.jpg\",\"width\":1800,\"height\":400},{\"@type\":\"BreadcrumbList\",\"@id\":\"https:\\\/\\\/mstglobal.com\\\/es\\\/tecnologia\\\/soluciones-informaticas\\\/#breadcrumb\",\"itemListElement\":[{\"@type\":\"ListItem\",\"position\":1,\"name\":\"Home\",\"item\":\"https:\\\/\\\/mstglobal.com\\\/es\\\/inicio\\\/\"},{\"@type\":\"ListItem\",\"position\":2,\"name\":\"Tecnolog\u00eda\",\"item\":\"https:\\\/\\\/mstglobal.com\\\/es\\\/technology\\\/\"},{\"@type\":\"ListItem\",\"position\":3,\"name\":\"Soluciones inform\u00e1ticas\"}]},{\"@type\":\"WebSite\",\"@id\":\"https:\\\/\\\/mstglobal.com\\\/es\\\/#website\",\"url\":\"https:\\\/\\\/mstglobal.com\\\/es\\\/\",\"name\":\"MST Global\",\"description\":\"By Peter J Rees\",\"publisher\":{\"@id\":\"https:\\\/\\\/mstglobal.com\\\/es\\\/#organization\"},\"potentialAction\":[{\"@type\":\"SearchAction\",\"target\":{\"@type\":\"EntryPoint\",\"urlTemplate\":\"https:\\\/\\\/mstglobal.com\\\/es\\\/?s={search_term_string}\"},\"query-input\":{\"@type\":\"PropertyValueSpecification\",\"valueRequired\":true,\"valueName\":\"search_term_string\"}}],\"inLanguage\":\"es\"},{\"@type\":\"Organization\",\"@id\":\"https:\\\/\\\/mstglobal.com\\\/es\\\/#organization\",\"name\":\"MST Global\",\"url\":\"https:\\\/\\\/mstglobal.com\\\/es\\\/\",\"logo\":{\"@type\":\"ImageObject\",\"inLanguage\":\"es\",\"@id\":\"https:\\\/\\\/mstglobal.com\\\/es\\\/#\\\/schema\\\/logo\\\/image\\\/\",\"url\":\"https:\\\/\\\/mstglobal.com\\\/wp-content\\\/uploads\\\/Website-logo.png\",\"contentUrl\":\"https:\\\/\\\/mstglobal.com\\\/wp-content\\\/uploads\\\/Website-logo.png\",\"width\":512,\"height\":512,\"caption\":\"MST Global\"},\"image\":{\"@id\":\"https:\\\/\\\/mstglobal.com\\\/es\\\/#\\\/schema\\\/logo\\\/image\\\/\"}}]}<\/script>\n<!-- \/ Yoast SEO plugin. -->","yoast_head_json":{"title":"Soluciones inform\u00e1ticas - MST Global","robots":{"index":"index","follow":"follow","max-snippet":"max-snippet:-1","max-image-preview":"max-image-preview:large","max-video-preview":"max-video-preview:-1"},"canonical":"https:\/\/mstglobal.com\/es\/tecnologia\/soluciones-informaticas\/","og_locale":"es_ES","og_type":"article","og_title":"Soluciones inform\u00e1ticas - MST Global","og_url":"https:\/\/mstglobal.com\/es\/tecnologia\/soluciones-informaticas\/","og_site_name":"MST Global","article_modified_time":"2025-04-01T02:43:45+00:00","og_image":[{"width":1800,"height":400,"url":"https:\/\/mstglobal.com\/wp-content\/uploads\/banner-software-solutions.jpg","type":"image\/jpeg"}],"twitter_card":"summary_large_image","twitter_misc":{"Tiempo de lectura":"4 minutos"},"schema":{"@context":"https:\/\/schema.org","@graph":[{"@type":"WebPage","@id":"https:\/\/mstglobal.com\/es\/tecnologia\/soluciones-informaticas\/","url":"https:\/\/mstglobal.com\/es\/tecnologia\/soluciones-informaticas\/","name":"Soluciones inform\u00e1ticas - MST Global","isPartOf":{"@id":"https:\/\/mstglobal.com\/es\/#website"},"primaryImageOfPage":{"@id":"https:\/\/mstglobal.com\/es\/tecnologia\/soluciones-informaticas\/#primaryimage"},"image":{"@id":"https:\/\/mstglobal.com\/es\/tecnologia\/soluciones-informaticas\/#primaryimage"},"thumbnailUrl":"https:\/\/mstglobal.com\/wp-content\/uploads\/banner-software-solutions.jpg","datePublished":"2024-03-15T06:13:30+00:00","dateModified":"2025-04-01T02:43:45+00:00","breadcrumb":{"@id":"https:\/\/mstglobal.com\/es\/tecnologia\/soluciones-informaticas\/#breadcrumb"},"inLanguage":"es","potentialAction":[{"@type":"ReadAction","target":["https:\/\/mstglobal.com\/es\/tecnologia\/soluciones-informaticas\/"]}]},{"@type":"ImageObject","inLanguage":"es","@id":"https:\/\/mstglobal.com\/es\/tecnologia\/soluciones-informaticas\/#primaryimage","url":"https:\/\/mstglobal.com\/wp-content\/uploads\/banner-software-solutions.jpg","contentUrl":"https:\/\/mstglobal.com\/wp-content\/uploads\/banner-software-solutions.jpg","width":1800,"height":400},{"@type":"BreadcrumbList","@id":"https:\/\/mstglobal.com\/es\/tecnologia\/soluciones-informaticas\/#breadcrumb","itemListElement":[{"@type":"ListItem","position":1,"name":"Home","item":"https:\/\/mstglobal.com\/es\/inicio\/"},{"@type":"ListItem","position":2,"name":"Tecnolog\u00eda","item":"https:\/\/mstglobal.com\/es\/technology\/"},{"@type":"ListItem","position":3,"name":"Soluciones inform\u00e1ticas"}]},{"@type":"WebSite","@id":"https:\/\/mstglobal.com\/es\/#website","url":"https:\/\/mstglobal.com\/es\/","name":"MST Global","description":"By Peter J Rees","publisher":{"@id":"https:\/\/mstglobal.com\/es\/#organization"},"potentialAction":[{"@type":"SearchAction","target":{"@type":"EntryPoint","urlTemplate":"https:\/\/mstglobal.com\/es\/?s={search_term_string}"},"query-input":{"@type":"PropertyValueSpecification","valueRequired":true,"valueName":"search_term_string"}}],"inLanguage":"es"},{"@type":"Organization","@id":"https:\/\/mstglobal.com\/es\/#organization","name":"MST Global","url":"https:\/\/mstglobal.com\/es\/","logo":{"@type":"ImageObject","inLanguage":"es","@id":"https:\/\/mstglobal.com\/es\/#\/schema\/logo\/image\/","url":"https:\/\/mstglobal.com\/wp-content\/uploads\/Website-logo.png","contentUrl":"https:\/\/mstglobal.com\/wp-content\/uploads\/Website-logo.png","width":512,"height":512,"caption":"MST Global"},"image":{"@id":"https:\/\/mstglobal.com\/es\/#\/schema\/logo\/image\/"}}]}},"_links":{"self":[{"href":"https:\/\/mstglobal.com\/es\/wp-json\/wp\/v2\/pages\/1336","targetHints":{"allow":["GET"]}}],"collection":[{"href":"https:\/\/mstglobal.com\/es\/wp-json\/wp\/v2\/pages"}],"about":[{"href":"https:\/\/mstglobal.com\/es\/wp-json\/wp\/v2\/types\/page"}],"author":[{"embeddable":true,"href":"https:\/\/mstglobal.com\/es\/wp-json\/wp\/v2\/users\/1"}],"replies":[{"embeddable":true,"href":"https:\/\/mstglobal.com\/es\/wp-json\/wp\/v2\/comments?post=1336"}],"version-history":[{"count":0,"href":"https:\/\/mstglobal.com\/es\/wp-json\/wp\/v2\/pages\/1336\/revisions"}],"up":[{"embeddable":true,"href":"https:\/\/mstglobal.com\/es\/wp-json\/wp\/v2\/pages\/1264"}],"wp:featuredmedia":[{"embeddable":true,"href":"https:\/\/mstglobal.com\/es\/wp-json\/wp\/v2\/media\/1987"}],"wp:attachment":[{"href":"https:\/\/mstglobal.com\/es\/wp-json\/wp\/v2\/media?parent=1336"}],"curies":[{"name":"wp","href":"https:\/\/api.w.org\/{rel}","templated":true}]}}